{"id":3751,"date":"2021-12-20T14:23:26","date_gmt":"2021-12-20T14:23:26","guid":{"rendered":"https:\/\/www.leadingarchitects.net\/?page_id=3751"},"modified":"2025-09-18T18:42:13","modified_gmt":"2025-09-18T18:42:13","slug":"programma","status":"publish","type":"page","link":"https:\/\/www.leadingarchitects.net\/nl\/programma\/","title":{"rendered":"Programma"},"content":{"rendered":"\n\n\t\t\t<h2>\/Het programma.<\/h2>\t\t\t\n\t\t\t\t<p>Het Leading the Change programma is een programma volledig gericht op de ontwikkeling van de persoonlijke en leiderschapsvaardigheden voor de architect. Stap voor stap leer je de vaardigheden om de change leading architect te worden.<\/p>\n<p>Het is een krachtige 4 daagse groepstraining , waarbij alle stappen uit de <a href=\"https:\/\/www.leadingarchitects.net\/raamwerk\/\" target=\"_blank\" rel=\"noopener\">Leading Architects aanpak<\/a> behandeld worden.\u00a0<\/p>\n<p>De 4 dagen worden verspreid over 4 tot 6 weken, waardoor het geleerde direct in de praktijk kan worden toegepast.\u00a0<\/p>\n<p>Het Leading the Change programma bieden wij als in-company training aan. Hierdoor is het programma ook een ideale mogelijkheid voor team building en leren van elkaar.<\/p>\n\t\t\t<h2>\/Het programma in detail.<\/h2>\t\t\t\n<h5>\n\t\t\tDag 1 \t<\/h5>\n\t<u>Module 1 &#8211; Find out who you are &#8211; het begint met zelfinzicht<\/u><br \/>\nWe starten het programma met het cre\u00ebren van inzicht in jezelf. Dit doen we met een uitvoerige persoonlijkheidsanalyse. Deze analyse levert je hele mooie zelf inzichten op het gebied van onder andere communicatie, besluitvorming en hoe je omgaat met conflicten.\n\t<p><u>Module 2 &#8211; Successful teams &#8211; de ingredi\u00ebnten\u00a0voor een succesvol team<\/u><\/p>\n<p>Als architect werk je veelal in en met meerdere teams.\u00a0 In deze module leer je de krachten en valkuilen van jouw team kennen. Tevens leer je werken met de 5 noodzakelijke ingredi\u00ebnten voor elk succesvol team.<\/p>\n<h5>\n\t\t\tDag 2\t<\/h5>\n\t<p><u>Module 3 &#8211; Know your audience &#8211; maak de verbinding, weet wat er speelt.<\/u><\/p>\n<p>Je wilt er zeker van zijn dat jouw idee\u00ebn goed aansluiten bij wat er nodig is in de organisatie. Dit begint met het kennen van de key players en weten wat er in de organisatie speelt. In deze module leer je het belang van stakeholder management, het maken van de echte connectie en een aanpak voor een stakeholder analyse.<\/p>\n\t<p><u>Module 4 &#8211; Build your story &#8211; maak je overtuigende architectuurverhaal<\/u><\/p>\n<p>Je leert een zeer krachtige techniek om jouw architectuurverhaal overtuigend over te brengen.<\/p>\n<p>Op basis van bewezen methoden heb ik een techniek ontwikkeld die perfect gebruikt kan worden voor het maken en overbrengen van architectuur verhalen.\u00a0 Een techniek waarbij je de juiste mix maakt van een duidelijke boodschap, een logische verhaallijn en overtuigende elementen.<\/p>\n<h5>\n\t\t\tDag 3 \t<\/h5>\n\t<p><u>Module 5 &#8211; Show the real you &#8211; impact maken vanuit je eigen kracht<\/u><\/p>\n<p>Je gaat je verhaal uitdragen in de organisatie. Maar om dit impactvol te kunnen doen, is het van belang dat je dit dit doet op een authentieke manier die bij je past. Tijdens deze module krijg je daarom inzicht in jouw unieke talenten en valkuilen in communicatie. Je leert communicatie strategie\u00ebn die het beste bij jou passen.<\/p>\n\t<p><u>Module 6 &#8211; Get people moving &#8211; leiden vanuit invloed<\/u><\/p>\n<p>Je wilt dat de mensen om je heen jouw idee\u00ebn omarmen. Naast het uitdragen van jouw verhaal komt hier het spel van be\u00efnvloeding om de hoek kijken. In deze module leer je het noodzakelijke fundament voor effectieve be\u00efnvloeding, ontdek je je persoonlijke be\u00efnvloedingsstijl, krijg je inzicht in verschillende be\u00efnvloedingstechnieken en leer je om te gaan met weerstand.<\/p>\n<h5>\n\t\t\tDag 4\t<\/h5>\n\t<p><u>Module 7 &#8211; Tell &amp; tune your story &#8211; vertel je verhaal<\/u><\/p>\n<p>Om perfect aan te sluiten op je publiek, pas je je verhaal continu aan. In deze module oefenen we met het vertellen van het verhaal. Jij gaat jouw uitgewerkte verhaal in de groep presenteren en ontvangt waardevolle feedback. Het klinkt spannend, maar je zult dit onderdeel leuk en zeer waardevol vinden.<\/p>\n\t<p><u>Module 8 Lead the change &#8211; nu ben je in de lead &#8211; en wat nu?<\/u><\/p>\n<p>In de laatste module ben jij de change leading architect. Je wordt gezien als een leider en steeds meer mensen weten je te vinden. Maar wat betekent het om in de lead te zijn? Hoe zorg je ervoor dat je je hoofd boven water houdt in het vele werk? Hoe zorg je ervoor dat anderen jouw verhaal gaan uitdragen? In deze module leer je de noodzakelijke leiderschapsvaardigheden als architect.<\/p>\n\t\t\t<h2>\/Wat levert dit op?<\/h2>\t\t\t\n\t\t\t\t<p>Met het Leading the Change programma leg je een geweldig fundament, waarmee jij kunt groeien naar een leading architect met meer invloed, meer zekerheid en meer plezier in je werk. Alle benodigde inzichten en vaardigheden krijg je aangereikt. Door hier actief mee aan de slag te gaan, ontwikkel je jezelf tot de go-to change leader, sta je sterker in je schoenen, weten mensen je te vinden en maak je echt impact.<\/p>\n<p>Dit omdat je:<\/p>\n\t<ul>\n\t\t<li>\t\t\t\t\n\t\tOntdekt hebt waar je krachten en talenten liggen en deze in weet te zetten als architect.<\/li><li>\t\t\t\t\n\t\tJe expertise hebt omgezet in een ijzersterk verhaal. <\/li><li>\t\t\t\t\n\t\tDit verhaal op een authentieke manier kunt uitdragen.<\/li><li>\t\t\t\t\n\t\tComplexe vraagstukken kunt structureren in eenvoudig uitlegbare verhalen.<\/li><li>\t\t\t\t\n\t\tDe technieken hebt geleerd om mensen in beweging te zetten.<\/li><li>\t\t\t\t\n\t\tBeter om weet te gaan met weerstand en onzekerheden.<\/li><li>\t\t\t\t\n\t\tEn hierdoor meer zekerheid, kracht en energie uitstraalt.<\/li>\t<\/ul>\n\t\t\t<h2>\/Veelgestelde vragen.<\/h2>\t\t\t\n\t\t\t\t\t\t\t\t\t\t<h5 tabindex=\"0\">Ik zie mijzelf helemaal niet als prototype leider. Ik ben een inhoudelijk expert. Is het programma dan voor mij geschikt?<\/h5>\n\t\t\t\t\t<p>Jazeker. Elke architect geeft richting en kaders aan verandering. Elke architect heeft daarom bepaalde leiderschapskwaliteiten nodig. Het prototype leider bestaat niet. Iedereen is uniek. In het programma gaan we op zoek naar jouw persoonlijke leiderschapskwaliteiten en strategie\u00ebn die jij in kunt zetten.<\/p>\n\t\t\t\t\t\t\t\t\t\t<h5 tabindex=\"0\">Ik ben een beginnend architect. Is het programma dan iets voor mij?<\/h5>\n\t\t\t\t\t<p>Jazeker. Elke architect is gebaat bij sterke persoonlijke en leiderschapsvaardigheden. Niveau of aantal jaren ervaring vind ik niet belangrijk. Het gaat om de drive om jezelf te willen ontwikkelen en te willen groeien.\u00a0<\/p>\n\t\t\t\t\t\t\t\t\t\t<h5 tabindex=\"0\">Ik houd helemaal niet van presenteren voor een groep. Is het programma dan wel iets voor mij?<\/h5>\n\t\t\t\t\t<p>Ja hoor. Juist. Het vertellen van een verhaal hoort er wel een beetje bij in je werk als architect. Ik leer je hoe je dit op een manier kunt doen die bij je past. Maar daarnaast leer je juist andere be\u00efnvloedingstechnieken om mensen mee te krijgen in jouw verhaal. Het is dus echt niet nodig om een podium beest te worden.<\/p>\n\t\t\t\t\t\t\t\t\t\t<h5 tabindex=\"0\">Leg ik een examen af bij het programma?<\/h5>\n\t\t\t\t\t<p>Nee, dit programma gaat over de ontwikkeling van jezelf. Het nemen van actie, uitproberen en oefenen in je dagelijkse werk is cruciaal om te groeien. Het afleggen van een examen voegt hier niets aan toe. Je krijgt wel een certificaat van deelname.<\/p>\n\t\t\t\t\t\t\t\t\t\t<h5 tabindex=\"0\">Leer ik een architectuur methode, zoals TOGAF?<\/h5>\n\t\t\t\t\t<p>Nee, in dit programma leer je geen architectuurmethode. Daar zijn al vele andere cursussen voor beschikbaar. In dit programma leer je de persoonlijke en leiderschapsvaardigheden die je nodig hebt als architect. We werken we volgens de <a href=\"https:\/\/www.leadingarchitects.net\/raamwerk\/\">9 stappen Leading Architects aanpak<\/a>.<\/p>\n\t\t\t<h2>\/Reserveer tijdig je plaats.<\/h2>\t\t\t\n\t\t\t\t<p>Dit jaar zijn wij vol geboekt.\u00a0 We plannen nu inmiddels voor 2026. Wil je er in 2026 bij zijn? Reserveer dan tijdig je plaats.\u00a0<\/p>\n<p>Kijk via onderstaande knop naar de ruimte in onze trainingskalender en bespreek de mogelijkheden.<\/p>\n<p>Wil je het programma liever alleen volgen? Bekijk dan of <a href=\"https:\/\/www.leadingarchitects.net\/coaching\/\">individuele coaching<\/a> iets voor je is.\u00a0<\/p>\n\t\t\t<a href=\"https:\/\/www.leadingarchitects.net\/trainingskalender\/\" title=\"Klik Hier\" target=\"_self\"   role=\"button\" aria-label=\"Reserveer je plaats\">\n\t\t\t\t\t\t\tReserveer je plaats\n\t\t<\/a>\n\n","protected":false},"excerpt":{"rendered":"<p>\/Het programma. Het Leading the Change programma is een programma volledig gericht op de ontwikkeling van de persoonlijke en leiderschapsvaardigheden voor de architect. Stap voor stap leer je de vaardigheden om de change leading architect te worden. Het is een krachtige 4 daagse groepstraining , waarbij alle stappen uit de Leading Architects aanpak behandeld worden.\u00a0 [&hellip;]<\/p>\n","protected":false},"author":2,"featured_media":0,"parent":0,"menu_order":0,"comment_status":"closed","ping_status":"closed","template":"","meta":{"_acf_changed":false,"inline_featured_image":false,"site-sidebar-layout":"no-sidebar","site-content-layout":"page-builder","ast-site-content-layout":"default","site-content-style":"default","site-sidebar-style":"default","ast-global-header-display":"","ast-banner-title-visibility":"","ast-main-header-display":"","ast-hfb-above-header-display":"","ast-hfb-below-header-display":"","ast-hfb-mobile-header-display":"","site-post-title":"disabled","ast-breadcrumbs-content":"","ast-featured-img":"disabled","footer-sml-layout":"","ast-disable-related-posts":"","theme-transparent-header-meta":"default","adv-header-id-meta":"","stick-header-meta":"default","header-above-stick-meta":"","header-main-stick-meta":"","header-below-stick-meta":"","astra-migrate-meta-layouts":"default","ast-page-background-enabled":"default","ast-page-background-meta":{"desktop":{"background-color":"","background-image":"","background-repeat":"repeat","background-position":"center center","background-size":"auto","background-attachment":"scroll","background-type":"","background-media":"","overlay-type":"","overlay-color":"","overlay-opacity":"","overlay-gradient":""},"tablet":{"background-color":"","background-image":"","background-repeat":"repeat","background-position":"center center","background-size":"auto","background-attachment":"scroll","background-type":"","background-media":"","overlay-type":"","overlay-color":"","overlay-opacity":"","overlay-gradient":""},"mobile":{"background-color":"","background-image":"","background-repeat":"repeat","background-position":"center center","background-size":"auto","background-attachment":"scroll","background-type":"","background-media":"","overlay-type":"","overlay-color":"","overlay-opacity":"","overlay-gradient":""}},"ast-content-background-meta":{"desktop":{"background-color":"var(--ast-global-color-5)","background-image":"","background-repeat":"repeat","background-position":"center center","background-size":"auto","background-attachment":"scroll","background-type":"","background-media":"","overlay-type":"","overlay-color":"","overlay-opacity":"","overlay-gradient":""},"tablet":{"background-color":"var(--ast-global-color-5)","background-image":"","background-repeat":"repeat","background-position":"center center","background-size":"auto","background-attachment":"scroll","background-type":"","background-media":"","overlay-type":"","overlay-color":"","overlay-opacity":"","overlay-gradient":""},"mobile":{"background-color":"var(--ast-global-color-5)","background-image":"","background-repeat":"repeat","background-position":"center center","background-size":"auto","background-attachment":"scroll","background-type":"","background-media":"","overlay-type":"","overlay-color":"","overlay-opacity":"","overlay-gradient":""}},"footnotes":""},"class_list":["post-3751","page","type-page","status-publish","hentry"],"acf":[],"yoast_head":"<!-- This site is optimized with the Yoast SEO plugin v27.1.1 - https:\/\/yoast.com\/product\/yoast-seo-wordpress\/ -->\n<title>Het programma \/ Lead the change<\/title>\n<meta name=\"description\" content=\"Alle stappen van de unieke Leading the change methode in 1 programma samen gebracht. Unieke combinatie van individuele coaching en groepstraining.\" \/>\n<meta name=\"robots\" content=\"index, follow, max-snippet:-1, max-image-preview:large, max-video-preview:-1\" \/>\n<link rel=\"canonical\" href=\"https:\/\/www.leadingarchitects.net\/nl\/programma\/\" \/>\n<meta property=\"og:locale\" content=\"nl_NL\" \/>\n<meta property=\"og:type\" content=\"article\" \/>\n<meta property=\"og:title\" content=\"Het programma \/ Lead the change\" \/>\n<meta property=\"og:description\" content=\"Alle stappen van de unieke Leading the change methode in 1 programma samen gebracht. Unieke combinatie van individuele coaching en groepstraining.\" \/>\n<meta property=\"og:url\" content=\"https:\/\/www.leadingarchitects.net\/nl\/programma\/\" \/>\n<meta property=\"og:site_name\" content=\"Leading Architects\" \/>\n<meta property=\"article:modified_time\" content=\"2025-09-18T18:42:13+00:00\" \/>\n<meta property=\"og:image\" content=\"https:\/\/www.leadingarchitects.net\/wp-content\/uploads\/hero-m.jpg\" \/>\n\t<meta property=\"og:image:width\" content=\"1024\" \/>\n\t<meta property=\"og:image:height\" content=\"683\" \/>\n\t<meta property=\"og:image:type\" content=\"image\/jpeg\" \/>\n<meta name=\"twitter:card\" content=\"summary_large_image\" \/>\n<meta name=\"twitter:label1\" content=\"Geschatte leestijd\" \/>\n\t<meta name=\"twitter:data1\" content=\"6 minuten\" \/>\n<script type=\"application\/ld+json\" class=\"yoast-schema-graph\">{\"@context\":\"https:\/\/schema.org\",\"@graph\":[{\"@type\":\"WebPage\",\"@id\":\"https:\/\/www.leadingarchitects.net\/nl\/programma\/\",\"url\":\"https:\/\/www.leadingarchitects.net\/nl\/programma\/\",\"name\":\"Het programma \/ Lead the change\",\"isPartOf\":{\"@id\":\"https:\/\/www.leadingarchitects.net\/nl\/#website\"},\"datePublished\":\"2021-12-20T14:23:26+00:00\",\"dateModified\":\"2025-09-18T18:42:13+00:00\",\"description\":\"Alle stappen van de unieke Leading the change methode in 1 programma samen gebracht. Unieke combinatie van individuele coaching en groepstraining.\",\"breadcrumb\":{\"@id\":\"https:\/\/www.leadingarchitects.net\/nl\/programma\/#breadcrumb\"},\"inLanguage\":\"nl-NL\",\"potentialAction\":[{\"@type\":\"ReadAction\",\"target\":[\"https:\/\/www.leadingarchitects.net\/nl\/programma\/\"]}]},{\"@type\":\"BreadcrumbList\",\"@id\":\"https:\/\/www.leadingarchitects.net\/nl\/programma\/#breadcrumb\",\"itemListElement\":[{\"@type\":\"ListItem\",\"position\":1,\"name\":\"Home\",\"item\":\"https:\/\/www.leadingarchitects.net\/nl\/\"},{\"@type\":\"ListItem\",\"position\":2,\"name\":\"Programma\"}]},{\"@type\":\"WebSite\",\"@id\":\"https:\/\/www.leadingarchitects.net\/nl\/#website\",\"url\":\"https:\/\/www.leadingarchitects.net\/nl\/\",\"name\":\"Leading Architects\",\"description\":\"\",\"publisher\":{\"@id\":\"https:\/\/www.leadingarchitects.net\/nl\/#organization\"},\"potentialAction\":[{\"@type\":\"SearchAction\",\"target\":{\"@type\":\"EntryPoint\",\"urlTemplate\":\"https:\/\/www.leadingarchitects.net\/nl\/?s={search_term_string}\"},\"query-input\":{\"@type\":\"PropertyValueSpecification\",\"valueRequired\":true,\"valueName\":\"search_term_string\"}}],\"inLanguage\":\"nl-NL\"},{\"@type\":\"Organization\",\"@id\":\"https:\/\/www.leadingarchitects.net\/nl\/#organization\",\"name\":\"Leading Architects\",\"url\":\"https:\/\/www.leadingarchitects.net\/nl\/\",\"logo\":{\"@type\":\"ImageObject\",\"inLanguage\":\"nl-NL\",\"@id\":\"https:\/\/www.leadingarchitects.net\/nl\/#\/schema\/logo\/image\/\",\"url\":\"https:\/\/www.leadingarchitects.net\/wp-content\/uploads\/Leading-Architects-logo-compleet-zwart-png.png\",\"contentUrl\":\"https:\/\/www.leadingarchitects.net\/wp-content\/uploads\/Leading-Architects-logo-compleet-zwart-png.png\",\"width\":1071,\"height\":223,\"caption\":\"Leading Architects\"},\"image\":{\"@id\":\"https:\/\/www.leadingarchitects.net\/nl\/#\/schema\/logo\/image\/\"}}]}<\/script>\n<!-- \/ Yoast SEO plugin. -->","yoast_head_json":{"title":"Het programma \/ Lead the change","description":"Alle stappen van de unieke Leading the change methode in 1 programma samen gebracht. Unieke combinatie van individuele coaching en groepstraining.","robots":{"index":"index","follow":"follow","max-snippet":"max-snippet:-1","max-image-preview":"max-image-preview:large","max-video-preview":"max-video-preview:-1"},"canonical":"https:\/\/www.leadingarchitects.net\/nl\/programma\/","og_locale":"nl_NL","og_type":"article","og_title":"Het programma \/ Lead the change","og_description":"Alle stappen van de unieke Leading the change methode in 1 programma samen gebracht. Unieke combinatie van individuele coaching en groepstraining.","og_url":"https:\/\/www.leadingarchitects.net\/nl\/programma\/","og_site_name":"Leading Architects","article_modified_time":"2025-09-18T18:42:13+00:00","og_image":[{"width":1024,"height":683,"url":"https:\/\/www.leadingarchitects.net\/wp-content\/uploads\/hero-m.jpg","type":"image\/jpeg"}],"twitter_card":"summary_large_image","twitter_misc":{"Geschatte leestijd":"6 minuten"},"schema":{"@context":"https:\/\/schema.org","@graph":[{"@type":"WebPage","@id":"https:\/\/www.leadingarchitects.net\/nl\/programma\/","url":"https:\/\/www.leadingarchitects.net\/nl\/programma\/","name":"Het programma \/ Lead the change","isPartOf":{"@id":"https:\/\/www.leadingarchitects.net\/nl\/#website"},"datePublished":"2021-12-20T14:23:26+00:00","dateModified":"2025-09-18T18:42:13+00:00","description":"Alle stappen van de unieke Leading the change methode in 1 programma samen gebracht. Unieke combinatie van individuele coaching en groepstraining.","breadcrumb":{"@id":"https:\/\/www.leadingarchitects.net\/nl\/programma\/#breadcrumb"},"inLanguage":"nl-NL","potentialAction":[{"@type":"ReadAction","target":["https:\/\/www.leadingarchitects.net\/nl\/programma\/"]}]},{"@type":"BreadcrumbList","@id":"https:\/\/www.leadingarchitects.net\/nl\/programma\/#breadcrumb","itemListElement":[{"@type":"ListItem","position":1,"name":"Home","item":"https:\/\/www.leadingarchitects.net\/nl\/"},{"@type":"ListItem","position":2,"name":"Programma"}]},{"@type":"WebSite","@id":"https:\/\/www.leadingarchitects.net\/nl\/#website","url":"https:\/\/www.leadingarchitects.net\/nl\/","name":"Leading Architects","description":"","publisher":{"@id":"https:\/\/www.leadingarchitects.net\/nl\/#organization"},"potentialAction":[{"@type":"SearchAction","target":{"@type":"EntryPoint","urlTemplate":"https:\/\/www.leadingarchitects.net\/nl\/?s={search_term_string}"},"query-input":{"@type":"PropertyValueSpecification","valueRequired":true,"valueName":"search_term_string"}}],"inLanguage":"nl-NL"},{"@type":"Organization","@id":"https:\/\/www.leadingarchitects.net\/nl\/#organization","name":"Leading Architects","url":"https:\/\/www.leadingarchitects.net\/nl\/","logo":{"@type":"ImageObject","inLanguage":"nl-NL","@id":"https:\/\/www.leadingarchitects.net\/nl\/#\/schema\/logo\/image\/","url":"https:\/\/www.leadingarchitects.net\/wp-content\/uploads\/Leading-Architects-logo-compleet-zwart-png.png","contentUrl":"https:\/\/www.leadingarchitects.net\/wp-content\/uploads\/Leading-Architects-logo-compleet-zwart-png.png","width":1071,"height":223,"caption":"Leading Architects"},"image":{"@id":"https:\/\/www.leadingarchitects.net\/nl\/#\/schema\/logo\/image\/"}}]}},"_links":{"self":[{"href":"https:\/\/www.leadingarchitects.net\/nl\/wp-json\/wp\/v2\/pages\/3751","targetHints":{"allow":["GET"]}}],"collection":[{"href":"https:\/\/www.leadingarchitects.net\/nl\/wp-json\/wp\/v2\/pages"}],"about":[{"href":"https:\/\/www.leadingarchitects.net\/nl\/wp-json\/wp\/v2\/types\/page"}],"author":[{"embeddable":true,"href":"https:\/\/www.leadingarchitects.net\/nl\/wp-json\/wp\/v2\/users\/2"}],"replies":[{"embeddable":true,"href":"https:\/\/www.leadingarchitects.net\/nl\/wp-json\/wp\/v2\/comments?post=3751"}],"version-history":[{"count":1,"href":"https:\/\/www.leadingarchitects.net\/nl\/wp-json\/wp\/v2\/pages\/3751\/revisions"}],"predecessor-version":[{"id":4625,"href":"https:\/\/www.leadingarchitects.net\/nl\/wp-json\/wp\/v2\/pages\/3751\/revisions\/4625"}],"wp:attachment":[{"href":"https:\/\/www.leadingarchitects.net\/nl\/wp-json\/wp\/v2\/media?parent=3751"}],"curies":[{"name":"wp","href":"https:\/\/api.w.org\/{rel}","templated":true}]}}